{"id":205,"date":"2018-09-17T09:03:20","date_gmt":"2018-09-17T07:03:20","guid":{"rendered":"http:\/\/whshardfacing.com\/?page_id=205"},"modified":"2018-10-22T11:53:57","modified_gmt":"2018-10-22T09:53:57","slug":"privacy-policy","status":"publish","type":"page","link":"https:\/\/whshardfacing.com\/it\/privacy-policy\/","title":{"rendered":"Privacy Policy"},"content":{"rendered":"<p style=\"text-align: center;\"><strong>Informativa ai sensi dell\u2019art. 13 del Regolamento UE n. 2016\/679 (clienti\/fornitori).<\/strong><\/p>\n<p>Ai sensi dell\u2019art. del Regolamento UE n. 2016\/679 (di seguito \u201cGDPR 2016\/679\u201d), recante disposizioni a tutela delle persone e di altri soggetti rispetto al trattamento dei dati personali, desideriamo informarLa che i dati personali da Lei forniti formeranno oggetto di trattamento nel rispetto della normativa sopra richiamata e degli obblighi di riservatezza cui \u00e8 tenuto il professionista.<\/p>\n<h2>Titolare del trattamento e responsabile della protezione dei dati personali<\/h2>\n<p><u>Titolare del trattamento<\/u> \u00e8 la societ\u00e0 WHS srl con sede legale in Ovada v. Molare 62E.<\/p>\n<p><u>Responsabile del trattamento<\/u> \u00e8 la sig.ra Simona Lazzarone<\/p>\n<p>Il Titolare e il Responsabile del trattamento possono essere contattati mediante e-mail o pec ai seguenti indirizzi di posta elettronica whs@netunin.it, whs@dataconsultsrl.legalmail.it o all&#8217;indirizzo postale sopra indicato.<\/p>\n<h2>Finalit\u00e0 del trattamento<\/h2>\n<p>Il trattamento \u00e8 finalizzato all\u2019esecuzione del contratto di cui lei \u00e8 parte ed all\u2019adempimento e\/o all\u2019esecuzione di misure precontrattuali (come ad es. fare o ricevere offerte e preventivi oppure acquisire ordini) ex art. 6b del Regolamento generale sulla protezione dei dati (R. UE. 2016\/679)<\/p>\n<p>I suoi dati saranno trattati anche al fine di:<\/p>\n<p>adempiere agli obblighi previsti in ambito fiscale e contabile;<\/p>\n<p>e gli altri obblighi previsti dalla normativa vigente.<\/p>\n<h3>Modalit\u00e0 di trattamento e conservazione<\/h3>\n<p>I dati personali potranno essere trattati a mezzo sia di archivi cartacei che informatici (ivi compresi dispositivi portatili) e trattati con modalit\u00e0 strettamente necessarie a far fronte alle finalit\u00e0 sopra indicate.Il trattamento sar\u00e0 svolto nel rispetto di quanto previsto dall\u2019art. 32 del GDPR 2016\/679 in materia di misure di sicurezza, ad opera di soggetti appositamente incaricati e in ottemperanza a quanto previsto dall\u2019art. 29 GDPR 2016\/ 679.<\/p>\n<p>Le segnaliamo che, nel rispetto dei principi di liceit\u00e0, limitazione delle finalit\u00e0 e minimizzazione dei dati, ai sensi dell\u2019art. 5 GDPR 2016\/679, i Suoi dati personali saranno conservati per il periodo di tempo necessario per il conseguimento delle finalit\u00e0 per le quali sono raccolti e trattati.<\/p>\n<p>Il conferimento dei dati \u00e8 facoltativo ma indispensabile per la gestione del rapporto pre-contrattuale e contrattuale<\/p>\n<h3>Ambito di comunicazione e diffusione<\/h3>\n<p>Informiamo inoltre che i dati raccolti non saranno mai diffusi e non saranno oggetto di comunicazione senza Suo esplicito consenso, salvo le comunicazioni necessarie che possono comportare il trasferimento di dati ad enti pubblici, a consulenti o ad altri soggetti per l\u2019adempimento degli obblighi di legge.<\/p>\n<p><strong>Trasferimento dei dati personali <\/strong><\/p>\n<p>I suoi dati non saranno trasferiti n\u00e9 in Stati membri dell\u2019Unione Europea n\u00e9 in Paesi terzi non appartenenti all\u2019Unione Europea.<\/p>\n<h3>Diritti dell\u2019interessato<\/h3>\n<p>In ogni momento, Lei potr\u00e0 esercitare, ai sensi degli articoli dal 15 al 22 del Regolamento UE n. 2016\/679, il diritto di:<\/p>\n<ol>\n<li>chiedere la conferma dell\u2019esistenza o meno di propri dati personali;<\/li>\n<li>ottenere le indicazioni circa le finalit\u00e0 del trattamento, le categorie dei dati personali, i destinatari o le categorie di destinatari a cui i dati personali sono stati o saranno comunicati e, quando possibile, il periodo di conservazione;<\/li>\n<li>ottenere la rettifica e la cancellazione dei dati;<\/li>\n<li>ottenere la limitazione del trattamento;<\/li>\n<li>ottenere la portabilit\u00e0 dei dati, ossia riceverli da un titolare del trattamento, in un formato strutturato, di uso comune e leggibile da dispositivo automatico, e trasmetterli ad un altro titolare del trattamento senza impedimenti;<\/li>\n<li>opporsi al trattamento in qualsiasi momento ed anche nel caso di trattamento per finalit\u00e0 di marketing diretto;<\/li>\n<li>opporsi ad un processo decisionale automatizzato relativo alle persone \ufb01siche, compresa la profilazione.<\/li>\n<li>chiedere al titolare del trattamento l\u2019accesso ai dati personali e la rettifica o la cancellazione degli stessi o la limitazione del trattamento che lo riguardano o di opporsi al loro trattamento, oltre al diritto alla portabilit\u00e0 dei dati; revocare il consenso in qualsiasi momento senza pregiudicare la liceit\u00e0 del trattamento basata sul consenso prestato prima della revoca; proporre reclamo a un\u2019autorit\u00e0 di controllo.<\/li>\n<\/ol>\n<p>Pu\u00f2 esercitare i Suoi diritti con richiesta scritta inviata al Titolare o al responsabile, all&#8217;indirizzo postale della sede legale o agli indirizzi e-mail sopra indicati.<\/p>\n","protected":false},"excerpt":{"rendered":"<p>Informativa ai sensi dell\u2019art. 13 del Regolamento UE n. 2016\/679 (clienti\/fornitori). Ai sensi dell\u2019art. del Regolamento UE n. 2016\/679 (di seguito \u201cGDPR 2016\/679\u201d), recante disposizioni a tutela delle persone e di altri soggetti rispetto al trattamento dei dati personali, desideriamo informarLa che i dati personali da Lei forniti formeranno oggetto di trattamento nel rispetto della<a class=\"excerpt-read-more\" href=\"https:\/\/whshardfacing.com\/it\/privacy-policy\/\" title=\"ReadPrivacy Policy\">&#8230; Read more &raquo;<\/a><\/p>\n","protected":false},"author":1,"featured_media":36,"parent":0,"menu_order":0,"comment_status":"closed","ping_status":"closed","template":"","meta":[],"acf":[],"yoast_head":"<!-- This site is optimized with the Yoast SEO plugin v21.1 - https:\/\/yoast.com\/wordpress\/plugins\/seo\/ -->\n<title>Privacy Policy - WHS - Welding Hardfacing Solutions<\/title>\n<meta name=\"robots\" content=\"index, follow, max-snippet:-1, max-image-preview:large, max-video-preview:-1\" \/>\n<link rel=\"canonical\" href=\"https:\/\/whshardfacing.com\/it\/privacy-policy\/\" \/>\n<meta property=\"og:locale\" content=\"it_IT\" \/>\n<meta property=\"og:type\" content=\"article\" \/>\n<meta property=\"og:title\" content=\"Privacy Policy - WHS - Welding Hardfacing Solutions\" \/>\n<meta property=\"og:description\" content=\"Informativa ai sensi dell\u2019art. 13 del Regolamento UE n. 2016\/679 (clienti\/fornitori). Ai sensi dell\u2019art. del Regolamento UE n. 2016\/679 (di seguito \u201cGDPR 2016\/679\u201d), recante disposizioni a tutela delle persone e di altri soggetti rispetto al trattamento dei dati personali, desideriamo informarLa che i dati personali da Lei forniti formeranno oggetto di trattamento nel rispetto della... Read more &raquo;\" \/>\n<meta property=\"og:url\" content=\"https:\/\/whshardfacing.com\/it\/privacy-policy\/\" \/>\n<meta property=\"og:site_name\" content=\"WHS - Welding Hardfacing Solutions\" \/>\n<meta property=\"article:modified_time\" content=\"2018-10-22T09:53:57+00:00\" \/>\n<meta property=\"og:image\" content=\"https:\/\/whshardfacing.com\/wp-content\/uploads\/2018\/05\/bg_4.jpg\" \/>\n\t<meta property=\"og:image:width\" content=\"1800\" \/>\n\t<meta property=\"og:image:height\" content=\"1171\" \/>\n\t<meta property=\"og:image:type\" content=\"image\/jpeg\" \/>\n<meta name=\"twitter:card\" content=\"summary_large_image\" \/>\n<meta name=\"twitter:label1\" content=\"Tempo di lettura stimato\" \/>\n\t<meta name=\"twitter:data1\" content=\"3 minuti\" \/>\n<script type=\"application\/ld+json\" class=\"yoast-schema-graph\">{\"@context\":\"https:\/\/schema.org\",\"@graph\":[{\"@type\":\"WebPage\",\"@id\":\"https:\/\/whshardfacing.com\/it\/privacy-policy\/\",\"url\":\"https:\/\/whshardfacing.com\/it\/privacy-policy\/\",\"name\":\"Privacy Policy - WHS - Welding Hardfacing Solutions\",\"isPartOf\":{\"@id\":\"https:\/\/whshardfacing.com\/it\/#website\"},\"datePublished\":\"2018-09-17T07:03:20+00:00\",\"dateModified\":\"2018-10-22T09:53:57+00:00\",\"breadcrumb\":{\"@id\":\"https:\/\/whshardfacing.com\/it\/privacy-policy\/#breadcrumb\"},\"inLanguage\":\"it-IT\",\"potentialAction\":[{\"@type\":\"ReadAction\",\"target\":[\"https:\/\/whshardfacing.com\/it\/privacy-policy\/\"]}]},{\"@type\":\"BreadcrumbList\",\"@id\":\"https:\/\/whshardfacing.com\/it\/privacy-policy\/#breadcrumb\",\"itemListElement\":[{\"@type\":\"ListItem\",\"position\":1,\"name\":\"Home\",\"item\":\"https:\/\/whshardfacing.com\/it\/\"},{\"@type\":\"ListItem\",\"position\":2,\"name\":\"Privacy Policy\"}]},{\"@type\":\"WebSite\",\"@id\":\"https:\/\/whshardfacing.com\/it\/#website\",\"url\":\"https:\/\/whshardfacing.com\/it\/\",\"name\":\"WHS - Welding Hardfacing Solutions\",\"description\":\"Welding Hardfacing Solutions\",\"publisher\":{\"@id\":\"https:\/\/whshardfacing.com\/it\/#organization\"},\"potentialAction\":[{\"@type\":\"SearchAction\",\"target\":{\"@type\":\"EntryPoint\",\"urlTemplate\":\"https:\/\/whshardfacing.com\/it\/?s={search_term_string}\"},\"query-input\":\"required name=search_term_string\"}],\"inLanguage\":\"it-IT\"},{\"@type\":\"Organization\",\"@id\":\"https:\/\/whshardfacing.com\/it\/#organization\",\"name\":\"WHS\",\"url\":\"https:\/\/whshardfacing.com\/it\/\",\"logo\":{\"@type\":\"ImageObject\",\"inLanguage\":\"it-IT\",\"@id\":\"https:\/\/whshardfacing.com\/it\/#\/schema\/logo\/image\/\",\"url\":\"https:\/\/whshardfacing.com\/wp-content\/uploads\/2022\/05\/WHS_logo_RGB.png\",\"contentUrl\":\"https:\/\/whshardfacing.com\/wp-content\/uploads\/2022\/05\/WHS_logo_RGB.png\",\"width\":1558,\"height\":1497,\"caption\":\"WHS\"},\"image\":{\"@id\":\"https:\/\/whshardfacing.com\/it\/#\/schema\/logo\/image\/\"}}]}<\/script>\n<!-- \/ Yoast SEO plugin. -->","yoast_head_json":{"title":"Privacy Policy - WHS - Welding Hardfacing Solutions","robots":{"index":"index","follow":"follow","max-snippet":"max-snippet:-1","max-image-preview":"max-image-preview:large","max-video-preview":"max-video-preview:-1"},"canonical":"https:\/\/whshardfacing.com\/it\/privacy-policy\/","og_locale":"it_IT","og_type":"article","og_title":"Privacy Policy - WHS - Welding Hardfacing Solutions","og_description":"Informativa ai sensi dell\u2019art. 13 del Regolamento UE n. 2016\/679 (clienti\/fornitori). Ai sensi dell\u2019art. del Regolamento UE n. 2016\/679 (di seguito \u201cGDPR 2016\/679\u201d), recante disposizioni a tutela delle persone e di altri soggetti rispetto al trattamento dei dati personali, desideriamo informarLa che i dati personali da Lei forniti formeranno oggetto di trattamento nel rispetto della... Read more &raquo;","og_url":"https:\/\/whshardfacing.com\/it\/privacy-policy\/","og_site_name":"WHS - Welding Hardfacing Solutions","article_modified_time":"2018-10-22T09:53:57+00:00","og_image":[{"width":1800,"height":1171,"url":"https:\/\/whshardfacing.com\/wp-content\/uploads\/2018\/05\/bg_4.jpg","type":"image\/jpeg"}],"twitter_card":"summary_large_image","twitter_misc":{"Tempo di lettura stimato":"3 minuti"},"schema":{"@context":"https:\/\/schema.org","@graph":[{"@type":"WebPage","@id":"https:\/\/whshardfacing.com\/it\/privacy-policy\/","url":"https:\/\/whshardfacing.com\/it\/privacy-policy\/","name":"Privacy Policy - WHS - Welding Hardfacing Solutions","isPartOf":{"@id":"https:\/\/whshardfacing.com\/it\/#website"},"datePublished":"2018-09-17T07:03:20+00:00","dateModified":"2018-10-22T09:53:57+00:00","breadcrumb":{"@id":"https:\/\/whshardfacing.com\/it\/privacy-policy\/#breadcrumb"},"inLanguage":"it-IT","potentialAction":[{"@type":"ReadAction","target":["https:\/\/whshardfacing.com\/it\/privacy-policy\/"]}]},{"@type":"BreadcrumbList","@id":"https:\/\/whshardfacing.com\/it\/privacy-policy\/#breadcrumb","itemListElement":[{"@type":"ListItem","position":1,"name":"Home","item":"https:\/\/whshardfacing.com\/it\/"},{"@type":"ListItem","position":2,"name":"Privacy Policy"}]},{"@type":"WebSite","@id":"https:\/\/whshardfacing.com\/it\/#website","url":"https:\/\/whshardfacing.com\/it\/","name":"WHS - Welding Hardfacing Solutions","description":"Welding Hardfacing Solutions","publisher":{"@id":"https:\/\/whshardfacing.com\/it\/#organization"},"potentialAction":[{"@type":"SearchAction","target":{"@type":"EntryPoint","urlTemplate":"https:\/\/whshardfacing.com\/it\/?s={search_term_string}"},"query-input":"required name=search_term_string"}],"inLanguage":"it-IT"},{"@type":"Organization","@id":"https:\/\/whshardfacing.com\/it\/#organization","name":"WHS","url":"https:\/\/whshardfacing.com\/it\/","logo":{"@type":"ImageObject","inLanguage":"it-IT","@id":"https:\/\/whshardfacing.com\/it\/#\/schema\/logo\/image\/","url":"https:\/\/whshardfacing.com\/wp-content\/uploads\/2022\/05\/WHS_logo_RGB.png","contentUrl":"https:\/\/whshardfacing.com\/wp-content\/uploads\/2022\/05\/WHS_logo_RGB.png","width":1558,"height":1497,"caption":"WHS"},"image":{"@id":"https:\/\/whshardfacing.com\/it\/#\/schema\/logo\/image\/"}}]}},"_links":{"self":[{"href":"https:\/\/whshardfacing.com\/it\/wp-json\/wp\/v2\/pages\/205"}],"collection":[{"href":"https:\/\/whshardfacing.com\/it\/wp-json\/wp\/v2\/pages"}],"about":[{"href":"https:\/\/whshardfacing.com\/it\/wp-json\/wp\/v2\/types\/page"}],"author":[{"embeddable":true,"href":"https:\/\/whshardfacing.com\/it\/wp-json\/wp\/v2\/users\/1"}],"replies":[{"embeddable":true,"href":"https:\/\/whshardfacing.com\/it\/wp-json\/wp\/v2\/comments?post=205"}],"version-history":[{"count":5,"href":"https:\/\/whshardfacing.com\/it\/wp-json\/wp\/v2\/pages\/205\/revisions"}],"predecessor-version":[{"id":226,"href":"https:\/\/whshardfacing.com\/it\/wp-json\/wp\/v2\/pages\/205\/revisions\/226"}],"wp:featuredmedia":[{"embeddable":true,"href":"https:\/\/whshardfacing.com\/it\/wp-json\/wp\/v2\/media\/36"}],"wp:attachment":[{"href":"https:\/\/whshardfacing.com\/it\/wp-json\/wp\/v2\/media?parent=205"}],"curies":[{"name":"wp","href":"https:\/\/api.w.org\/{rel}","templated":true}]}}